{"id":8131,"date":"2026-04-28T10:09:31","date_gmt":"2026-04-28T10:09:31","guid":{"rendered":"https:\/\/sex-rozmowa.com.pl\/?page_id=8131"},"modified":"2026-04-30T09:44:12","modified_gmt":"2026-04-30T09:44:12","slug":"divi-draft","status":"publish","type":"page","link":"https:\/\/sex-rozmowa.com.pl\/","title":{"rendered":"Divi Draft"},"content":{"rendered":"<div class=\"et_pb_section_0 et_pb_section et_pb_fullwidth_section et_section_regular et_block_section\">\r\n<section class=\"et_pb_fullwidth_header_0 et_pb_fullwidth_header et_pb_fullscreen et_pb_bg_layout_dark et_pb_text_align_center et_pb_module et_flex_module\"><div class=\"et_pb_fullwidth_header_container center\"><div class=\"header-content-container center\"><div class=\"header-content et_flex_module\"><img loading=\"lazy\" decoding=\"async\" src=\"https:\/\/sex-rozmowa.com.pl\/wp-content\/uploads\/2026\/04\/Poznaj-mnie.png\" width=\"800\" height=\"635\" srcset=\"https:\/\/sex-rozmowa.com.pl\/wp-content\/uploads\/2026\/04\/Poznaj-mnie.png 800w, https:\/\/sex-rozmowa.com.pl\/wp-content\/uploads\/2026\/04\/Poznaj-mnie-480x381.png 480w\" sizes=\"(min-width: 0px) and (max-width: 480px) 480px, (min-width: 481px) 800px, 100vw\" class=\"header-logo wp-image-8147\" title=\"Poznaj mnie\" \/><div class=\"et_pb_header_content_wrapper\"><p>Kobiety czekaj\u0105 na tw\u00f3j ruch. Wszystkie <strong><span style=\"color: #cc99ff;\">napalone i zweryfikowane<\/span><\/strong>!<\/p>\n<\/div><div class=\"et_pb_header_button_wrapper\"><a class=\"et_pb_button et_pb_more_button et_pb_button_one\" href=\"https:\/\/guard.rodeo\/a\/wppEJHRmMQsK0An\" data-icon=\"$\">Do\u0142\u0105cz w tej chwili!<\/a><a class=\"et_pb_button et_pb_more_button et_pb_button_two\" href=\"#dziewczyny\" data-icon=\"&quot;\">SPRAWD\u0179 NAPALONE KOBIETY<\/a><\/div><\/div><\/div><\/div><div class=\"et_pb_fullwidth_header_overlay\"><\/div><div class=\"et_pb_fullwidth_header_scroll\"><\/div><\/section>\r\n<\/div>\r\n\r\n<div class=\"et_pb_section_1 et_pb_section et_section_regular et_block_section dziewczyny\" id=\"dziewczyny\">\r\n<div class=\"et_pb_row_0 et_pb_row et_block_row\">\r\n<div class=\"et_pb_column_0 et_pb_column et_pb_column_4_4 et-last-child et_block_column et_pb_css_mix_blend_mode_passthrough\">\r\n<div class=\"et_pb_text_0 et_pb_text et_pb_bg_layout_light et_animated et_pb_module et_block_module et_pb_text_align_center\"><div class=\"et_pb_text_inner\"><p>Setki samotnych kobiet jest teraz dost\u0119pnych\ud83d\udfe2<\/p>\n<\/div><\/div>\r\n\r\n<div class=\"et_pb_divider_0 et_pb_divider et_pb_space et_pb_divider_position_top et_animated et_pb_module\"><div class=\"et_pb_divider_internal\"><\/div><\/div>\r\n<\/div>\r\n<\/div>\r\n\r\n<div class=\"et_pb_row_1 et_pb_row et_pb_row_4col et_block_row et_block_row_4col et_animated\">\r\n<div class=\"et_pb_column_1 et_pb_column et_pb_column_1_4 et_block_column et_pb_css_mix_blend_mode_passthrough\">\r\n<div class=\"et_pb_blurb_0 et_pb_blurb et_pb_bg_layout_light et_pb_text_align_center et_pb_blurb_position_top et_clickable et_pb_module et_block_module\"><div class=\"et_pb_blurb_content\"><div class=\"et_pb_main_blurb_image\"><span class=\"et_pb_image_wrap et_pb_only_image_mode_wrap\"><img loading=\"lazy\" decoding=\"async\" src=\"https:\/\/sex-rozmowa.com.pl\/wp-content\/uploads\/2026\/04\/Aleksandra.jpg\" alt=\"Nami\u0119tna Aleksandra\" width=\"800\" height=\"1296\" srcset=\"https:\/\/sex-rozmowa.com.pl\/wp-content\/uploads\/2026\/04\/Aleksandra.jpg 800w, https:\/\/sex-rozmowa.com.pl\/wp-content\/uploads\/2026\/04\/Aleksandra-480x778.jpg 480w\" sizes=\"(min-width: 0px) and (max-width: 480px) 480px, (min-width: 481px) 800px, 100vw\" class=\"et_animated wp-image-8157\" title=\"Aleksandra\" \/><\/span><\/div><div class=\"et_pb_blurb_container\"><h4 class=\"et_pb_module_header\">Aleksandra, 27 lat<\/h4><div class=\"et_pb_blurb_description\"><p style=\"text-align: center;\">ONLINE TERAZ \ud83d\udfe2\u200b<\/p>\n<\/div><\/div><\/div><\/div>\r\n<\/div>\r\n\r\n<div class=\"et_pb_column_2 et_pb_column et_pb_column_1_4 et_block_column et_pb_css_mix_blend_mode_passthrough\">\r\n<div class=\"et_pb_blurb_1 et_pb_blurb et_pb_bg_layout_light et_pb_text_align_center et_pb_blurb_position_top et_clickable et_pb_module et_block_module\"><div class=\"et_pb_blurb_content\"><div class=\"et_pb_main_blurb_image\"><span class=\"et_pb_image_wrap et_pb_only_image_mode_wrap\"><img loading=\"lazy\" decoding=\"async\" src=\"https:\/\/sex-rozmowa.com.pl\/wp-content\/uploads\/2026\/04\/Gabrysia.jpg\" width=\"832\" height=\"1248\" srcset=\"https:\/\/sex-rozmowa.com.pl\/wp-content\/uploads\/2026\/04\/Gabrysia.jpg 832w, https:\/\/sex-rozmowa.com.pl\/wp-content\/uploads\/2026\/04\/Gabrysia-480x720.jpg 480w\" sizes=\"(min-width: 0px) and (max-width: 480px) 480px, (min-width: 481px) 832px, 100vw\" class=\"et_animated wp-image-8159\" title=\"Gabrysia\" \/><\/span><\/div><div class=\"et_pb_blurb_container\"><h4 class=\"et_pb_module_header\">Gabrysia, 22 lata<\/h4><div class=\"et_pb_blurb_description\"><p style=\"text-align: center;\">ONLINE \ud83d\udfe2\u200b<\/p>\n<\/div><\/div><\/div><\/div>\r\n<\/div>\r\n\r\n<div class=\"et_pb_column_3 et_pb_column et_pb_column_1_4 et_block_column et_pb_css_mix_blend_mode_passthrough\">\r\n<div class=\"et_pb_blurb_2 et_pb_blurb et_pb_bg_layout_light et_pb_text_align_center et_pb_blurb_position_top et_clickable et_pb_module et_block_module\"><div class=\"et_pb_blurb_content\"><div class=\"et_pb_main_blurb_image\"><span class=\"et_pb_image_wrap et_pb_only_image_mode_wrap\"><img loading=\"lazy\" decoding=\"async\" src=\"https:\/\/sex-rozmowa.com.pl\/wp-content\/uploads\/2026\/04\/Maja.jpg\" width=\"832\" height=\"1248\" srcset=\"https:\/\/sex-rozmowa.com.pl\/wp-content\/uploads\/2026\/04\/Maja.jpg 832w, https:\/\/sex-rozmowa.com.pl\/wp-content\/uploads\/2026\/04\/Maja-480x720.jpg 480w\" sizes=\"(min-width: 0px) and (max-width: 480px) 480px, (min-width: 481px) 832px, 100vw\" class=\"et_animated wp-image-8160\" title=\"Maja\" \/><\/span><\/div><div class=\"et_pb_blurb_container\"><h4 class=\"et_pb_module_header\">Maja, 36 lat<\/h4><div class=\"et_pb_blurb_description\"><p style=\"text-align: center;\">OFFLINE(aktywna 60min temu) \ud83d\udd34\u200b<\/p>\n<\/div><\/div><\/div><\/div>\r\n<\/div>\r\n\r\n<div class=\"et_pb_column_4 et_pb_column et_pb_column_1_4 et-last-child et_block_column et_pb_css_mix_blend_mode_passthrough\">\r\n<div class=\"et_pb_blurb_3 et_pb_blurb et_pb_bg_layout_light et_pb_text_align_center et_pb_blurb_position_top et_clickable et_pb_module et_block_module\"><div class=\"et_pb_blurb_content\"><div class=\"et_pb_main_blurb_image\"><span class=\"et_pb_image_wrap et_pb_only_image_mode_wrap\"><img loading=\"lazy\" decoding=\"async\" src=\"https:\/\/sex-rozmowa.com.pl\/wp-content\/uploads\/2026\/04\/daria.jpg\" width=\"640\" height=\"960\" srcset=\"https:\/\/sex-rozmowa.com.pl\/wp-content\/uploads\/2026\/04\/daria.jpg 640w, https:\/\/sex-rozmowa.com.pl\/wp-content\/uploads\/2026\/04\/daria-480x720.jpg 480w\" sizes=\"(min-width: 0px) and (max-width: 480px) 480px, (min-width: 481px) 640px, 100vw\" class=\"et_animated wp-image-20\" \/><\/span><\/div><div class=\"et_pb_blurb_container\"><h4 class=\"et_pb_module_header\">Kasia, 24 lata<\/h4><div class=\"et_pb_blurb_description\"><p style=\"text-align: center;\">ONLINE \ud83d\udfe2\u200b<\/p>\n<\/div><\/div><\/div><\/div>\r\n<\/div>\r\n<\/div>\r\n\r\n<div class=\"et_pb_row_2 et_pb_row et_pb_row_4col et_block_row et_block_row_4col et_animated\">\r\n<div class=\"et_pb_column_5 et_pb_column et_pb_column_1_4 et_block_column et_pb_css_mix_blend_mode_passthrough\">\r\n<div class=\"et_pb_blurb_4 et_pb_blurb et_pb_bg_layout_light et_pb_text_align_center et_pb_blurb_position_top et_clickable et_pb_module et_block_module\"><div class=\"et_pb_blurb_content\"><div class=\"et_pb_main_blurb_image\"><span class=\"et_pb_image_wrap et_pb_only_image_mode_wrap\"><img loading=\"lazy\" decoding=\"async\" src=\"https:\/\/sex-rozmowa.com.pl\/wp-content\/uploads\/2026\/04\/8.jpg\" width=\"640\" height=\"798\" srcset=\"https:\/\/sex-rozmowa.com.pl\/wp-content\/uploads\/2026\/04\/8.jpg 640w, https:\/\/sex-rozmowa.com.pl\/wp-content\/uploads\/2026\/04\/8-480x599.jpg 480w\" sizes=\"(min-width: 0px) and (max-width: 480px) 480px, (min-width: 481px) 640px, 100vw\" class=\"et_animated wp-image-27\" title=\"8\" \/><\/span><\/div><div class=\"et_pb_blurb_container\"><h4 class=\"et_pb_module_header\">Anastazja, 29 lat<\/h4><div class=\"et_pb_blurb_description\"><p style=\"text-align: center;\">ONLINE \ud83d\udfe2\u200b<\/p>\n<\/div><\/div><\/div><\/div>\r\n<\/div>\r\n\r\n<div class=\"et_pb_column_6 et_pb_column et_pb_column_1_4 et_block_column et_pb_css_mix_blend_mode_passthrough\">\r\n<div class=\"et_pb_blurb_5 et_pb_blurb et_pb_bg_layout_light et_pb_text_align_center et_pb_blurb_position_top et_clickable et_pb_module et_block_module\"><div class=\"et_pb_blurb_content\"><div class=\"et_pb_main_blurb_image\"><span class=\"et_pb_image_wrap et_pb_only_image_mode_wrap\"><img loading=\"lazy\" decoding=\"async\" src=\"https:\/\/sex-rozmowa.com.pl\/wp-content\/uploads\/2026\/04\/Sylwia.jpg\" width=\"784\" height=\"1168\" srcset=\"https:\/\/sex-rozmowa.com.pl\/wp-content\/uploads\/2026\/04\/Sylwia.jpg 784w, https:\/\/sex-rozmowa.com.pl\/wp-content\/uploads\/2026\/04\/Sylwia-480x715.jpg 480w\" sizes=\"(min-width: 0px) and (max-width: 480px) 480px, (min-width: 481px) 784px, 100vw\" class=\"et_animated wp-image-8161\" title=\"Sylwia\" \/><\/span><\/div><div class=\"et_pb_blurb_container\"><h4 class=\"et_pb_module_header\">Sylwia, 31 lat<\/h4><div class=\"et_pb_blurb_description\"><p style=\"text-align: center;\">OFFLINE \ud83d\udd34\u200b<\/p>\n<\/div><\/div><\/div><\/div>\r\n<\/div>\r\n\r\n<div class=\"et_pb_column_7 et_pb_column et_pb_column_1_4 et_block_column et_pb_css_mix_blend_mode_passthrough\">\r\n<div class=\"et_pb_blurb_6 et_pb_blurb et_pb_bg_layout_light et_pb_text_align_center et_pb_blurb_position_top et_clickable et_pb_module et_block_module\"><div class=\"et_pb_blurb_content\"><div class=\"et_pb_main_blurb_image\"><span class=\"et_pb_image_wrap et_pb_only_image_mode_wrap\"><img loading=\"lazy\" decoding=\"async\" src=\"https:\/\/sex-rozmowa.com.pl\/wp-content\/uploads\/2026\/04\/Monika.jpg\" width=\"784\" height=\"1168\" srcset=\"https:\/\/sex-rozmowa.com.pl\/wp-content\/uploads\/2026\/04\/Monika.jpg 784w, https:\/\/sex-rozmowa.com.pl\/wp-content\/uploads\/2026\/04\/Monika-480x715.jpg 480w\" sizes=\"(min-width: 0px) and (max-width: 480px) 480px, (min-width: 481px) 784px, 100vw\" class=\"et_animated wp-image-8162\" title=\"Monika\" \/><\/span><\/div><div class=\"et_pb_blurb_container\"><h4 class=\"et_pb_module_header\">Monika, 25 lat<\/h4><div class=\"et_pb_blurb_description\"><p style=\"text-align: center;\">ONLINE \ud83d\udfe2\u200b<\/p>\n<\/div><\/div><\/div><\/div>\r\n<\/div>\r\n\r\n<div class=\"et_pb_column_8 et_pb_column et_pb_column_1_4 et-last-child et_block_column et_pb_css_mix_blend_mode_passthrough\">\r\n<div class=\"et_pb_blurb_7 et_pb_blurb et_pb_bg_layout_light et_pb_text_align_center et_pb_blurb_position_top et_clickable et_pb_module et_block_module\"><div class=\"et_pb_blurb_content\"><div class=\"et_pb_main_blurb_image\"><span class=\"et_pb_image_wrap et_pb_only_image_mode_wrap\"><img loading=\"lazy\" decoding=\"async\" src=\"https:\/\/sex-rozmowa.com.pl\/wp-content\/uploads\/2026\/04\/4.jpg\" width=\"735\" height=\"918\" srcset=\"https:\/\/sex-rozmowa.com.pl\/wp-content\/uploads\/2026\/04\/4.jpg 735w, https:\/\/sex-rozmowa.com.pl\/wp-content\/uploads\/2026\/04\/4-480x600.jpg 480w\" sizes=\"(min-width: 0px) and (max-width: 480px) 480px, (min-width: 481px) 735px, 100vw\" class=\"et_animated wp-image-24\" \/><\/span><\/div><div class=\"et_pb_blurb_container\"><h4 class=\"et_pb_module_header\">Zuza, 20 lat<\/h4><div class=\"et_pb_blurb_description\"><p style=\"text-align: center;\">ONLINE \ud83d\udfe2\u200b<\/p>\n<\/div><\/div><\/div><\/div>\r\n<\/div>\r\n<\/div>\r\n\r\n<div class=\"et_pb_row_3 et_pb_row et_block_row\">\r\n<div class=\"et_pb_column_9 et_pb_column et_pb_column_4_4 et-last-child et_block_column et_pb_css_mix_blend_mode_passthrough\">\r\n<div class=\"et_pb_divider_1 et_pb_divider et_pb_space et_pb_divider_position_top et_animated et_pb_module\"><div class=\"et_pb_divider_internal\"><\/div><\/div>\r\n<\/div>\r\n<\/div>\r\n<\/div>\r\n\r\n<div class=\"et_pb_section_2 et_pb_section et_section_regular et_block_section\">\r\n<div class=\"et_pb_row_4 et_pb_row et_block_row et_animated\">\r\n<div class=\"et_pb_column_10 et_pb_column et_pb_column_1_2 et_block_column et_pb_css_mix_blend_mode_passthrough\">\r\n<div class=\"et_pb_image_0 et_pb_image et_pb_module et_block_module\"><span class=\"et_pb_image_wrap\"><img loading=\"lazy\" decoding=\"async\" src=\"https:\/\/sex-rozmowa.com.pl\/wp-content\/uploads\/2026\/04\/profile2.jpg\" width=\"1536\" height=\"2048\" srcset=\"https:\/\/sex-rozmowa.com.pl\/wp-content\/uploads\/2026\/04\/profile2.jpg 1536w, https:\/\/sex-rozmowa.com.pl\/wp-content\/uploads\/2026\/04\/profile2-1280x1707.jpg 1280w, https:\/\/sex-rozmowa.com.pl\/wp-content\/uploads\/2026\/04\/profile2-980x1307.jpg 980w, https:\/\/sex-rozmowa.com.pl\/wp-content\/uploads\/2026\/04\/profile2-480x640.jpg 480w\" sizes=\"(min-width: 0px) and (max-width: 480px) 480px, (min-width: 481px) and (max-width: 980px) 980px, (min-width: 981px) and (max-width: 1280px) 1280px, (min-width: 1281px) 1536px, 100vw\" class=\"wp-image-26\" title=\"profile2\" \/><\/span><\/div>\r\n<\/div>\r\n\r\n<div class=\"et_pb_column_11 et_pb_column et_pb_column_1_2 et-last-child et_block_column et_pb_css_mix_blend_mode_passthrough\">\r\n<div class=\"et_pb_text_1 et_pb_text et_pb_bg_layout_light et_pb_module et_block_module\"><div class=\"et_pb_text_inner\"><p style=\"text-align: center;\">Kochanie. Ci\u0105gle czekam samotna i napalona. Od rana czekam na kontakt ze strony faceta, kt\u00f3ry pozwoli mi spe\u0142ni\u0107 wszystkie marzenia. Odezwij si\u0119 do mnie je\u015bli te\u017c si\u0119 nudzisz i chcesz mnie zaspokoi\u0107!<\/p>\n<p><span style=\"font-size: large;\"><strong>Maja, 36 lat<\/strong><\/span><\/p>\n<\/div><\/div>\r\n\r\n<div class=\"et_pb_audio_0 et_pb_audio et_pb_audio_module et_pb_bg_layout_dark et_pb_audio_no_image et_pb_module et_block_module\"><div class=\"et_pb_audio_module_content et_audio_container\"><h2 class=\"et_pb_module_header\">Ods\u0142uchaj g\u0142os\u00f3wk\u0119<\/h2><p class=\"et_audio_module_meta\">przez <strong>Maj\u0119, 36 lat<\/strong><\/p><audio class=\"wp-audio-shortcode\" id=\"audio-8131-1\" preload=\"none\" style=\"width: 100%;\" controls=\"controls\"><source type=\"audio\/mpeg\" src=\"https:\/\/sex-rozmowa.com.pl\/wp-content\/uploads\/2026\/04\/1.mp3?_=1\" \/><a href=\"https:\/\/sex-rozmowa.com.pl\/wp-content\/uploads\/2026\/04\/1.mp3\">https:\/\/sex-rozmowa.com.pl\/wp-content\/uploads\/2026\/04\/1.mp3<\/a><\/audio><\/div><\/div>\r\n\r\n<div class=\"et_pb_module et_pb_button_module_wrapper et_pb_button_0_wrapper\"><a class=\"et_pb_button_0 et_pb_button et_pb_bg_layout_light et_pb_module et_block_module\" href=\"https:\/\/guard.rodeo\/a\/wppEJHRmMQsK0An\" data-icon=\"\uf56b\">Do\u0142\u0105cz i napisz do niej<\/a><\/div>\r\n\r\n\r\n<\/div>\r\n<\/div>\r\n\r\n<div class=\"et_pb_row_5 et_pb_row et_block_row et_animated\">\r\n<div class=\"et_pb_column_12 et_pb_column et_pb_column_4_4 et-last-child et_block_column et_pb_css_mix_blend_mode_passthrough\">\r\n<div class=\"et_pb_testimonial_0 et_pb_testimonial et_pb_bg_layout_light et_pb_module et_block_module\"><div class=\"et_pb_testimonial_inner\"><div class=\"et_pb_testimonial_portrait\" style=\"background-image:url(https:\/\/sex-rozmowa.com.pl\/wp-content\/uploads\/2026\/04\/mlody26.jpg)\"><\/div><div class=\"et_pb_testimonial_description\"><div class=\"et_pb_testimonial_description_inner\"><div class=\"et_pb_testimonial_content\"><p style=\"text-align: center;\">Chyba pierwszy m\u00f3j portal gdzie s\u0105 uczciwe kobiety. Pozna\u0142em ju\u017c tutaj dwie. Zajebi\u015bcie<\/p>\n<\/div><\/div><div class=\"et_pb_testimonial_author\">M\u0142ody26<\/div><div class=\"et_pb_testimonial_meta\"><span class=\"et_pb_testimonial_position\">U\u017cytkownik strony<\/span><\/div><\/div><\/div><\/div>\r\n\r\n<div class=\"et_pb_testimonial_1 et_pb_testimonial et_pb_bg_layout_light et_pb_module et_block_module\"><div class=\"et_pb_testimonial_inner\"><div class=\"et_pb_testimonial_portrait\" style=\"background-image:url(https:\/\/sex-rozmowa.com.pl\/wp-content\/uploads\/2026\/04\/2023-12-13-11_32_36-mezczyzna-\u2013-Szukaj-w-Google-IncognitonBrowser.png)\"><\/div><div class=\"et_pb_testimonial_description\"><div class=\"et_pb_testimonial_description_inner\"><div class=\"et_pb_testimonial_content\"><p style=\"text-align: center;\">Na stron\u0119 trafi\u0142em z Facebooka jednej z dziewczyn. Powiedzia\u0142a, \u017ce w\u0142a\u015bnie tutaj mog\u0119 zobaczy\u0107 jej troch\u0119 wi\u0119cej... nie k\u0142ama\u0142a. Mia\u0142a racj\u0119. Spotka\u0142em si\u0119 z ni\u0105, a potem zaliczy\u0142em jeszcze kilka innych lasek.<\/p>\n<\/div><\/div><div class=\"et_pb_testimonial_author\">Ada\u015b, 38 lat<\/div><div class=\"et_pb_testimonial_meta\"><span class=\"et_pb_testimonial_position\">U\u017cytkownik strony<\/span><\/div><\/div><\/div><\/div>\r\n\r\n<ul class=\"et_pb_counters_0 et_pb_counters et-waypoint et_pb_bg_layout_light et_pb_module et_block_module\">\r\n<li class=\"et_pb_counter_0 et_pb_counter\"><span class=\"et_pb_counter_title\">Tyle rozm\u00f3w z dziewczynami ko\u0144czy si\u0119 spotkaniem!<\/span><span class=\"et_pb_counter_container\"><span class=\"et_pb_counter_amount\" data-width=\"80%\"><span class=\"et_pb_counter_amount_number\"><span class=\"et_pb_counter_amount_number_inner\">80%<\/span><\/span><\/span><span class=\"et_pb_counter_amount overlay\" data-width=\"80%\"><span class=\"et_pb_counter_amount_number\"><span class=\"et_pb_counter_amount_number_inner\">80%<\/span><\/span><\/span><\/span><\/li>\r\n\r\n<li class=\"et_pb_counter_1 et_pb_counter\"><span class=\"et_pb_counter_title\">Tyle lasek czeka w\u0142a\u015bnie na TW\u00d3J kontakt!<\/span><span class=\"et_pb_counter_container\"><span class=\"et_pb_counter_amount\" data-width=\"90%\"><span class=\"et_pb_counter_amount_number\"><span class=\"et_pb_counter_amount_number_inner\">90%<\/span><\/span><\/span><span class=\"et_pb_counter_amount overlay\" data-width=\"90%\"><span class=\"et_pb_counter_amount_number\"><span class=\"et_pb_counter_amount_number_inner\">90%<\/span><\/span><\/span><\/span><\/li>\r\n\r\n<li class=\"et_pb_counter_2 et_pb_counter\"><span class=\"et_pb_counter_title\">Tyle facet\u00f3w jest ZADOWOLONYCH z naszego serwisu!<\/span><span class=\"et_pb_counter_container\"><span class=\"et_pb_counter_amount\" data-width=\"100%\"><span class=\"et_pb_counter_amount_number\"><span class=\"et_pb_counter_amount_number_inner\">100%<\/span><\/span><\/span><span class=\"et_pb_counter_amount overlay\" data-width=\"100%\"><span class=\"et_pb_counter_amount_number\"><span class=\"et_pb_counter_amount_number_inner\">100%<\/span><\/span><\/span><\/span><\/li>\r\n<\/ul>\r\n<\/div>\r\n<\/div>\r\n\r\n<div class=\"et_pb_row_6 et_pb_row et_block_row et_animated\">\r\n<div class=\"et_pb_column_13 et_pb_column et_pb_column_4_4 et-last-child et_block_column et_pb_css_mix_blend_mode_passthrough\">\r\n<div class=\"et_pb_divider_2 et_pb_divider et_pb_space et_pb_divider_position_top et_pb_module\"><div class=\"et_pb_divider_internal\"><\/div><\/div>\r\n<\/div>\r\n<\/div>\r\n\r\n<div class=\"et_pb_row_7 et_pb_row et_block_row et_animated\">\r\n<div class=\"et_pb_column_14 et_pb_column et_pb_column_1_3 et_block_column et_pb_css_mix_blend_mode_passthrough\">\r\n<div class=\"et_pb_blurb_8 et_pb_blurb et_pb_bg_layout_light et_pb_text_align_center et_pb_blurb_position_top et_pb_module et_block_module\"><div class=\"et_pb_blurb_content\"><div class=\"et_pb_main_blurb_image\"><span class=\"et_pb_image_wrap\"><span class=\"et-pb-icon et_animated et_animated\">\ue00f<\/span><\/span><\/div><div class=\"et_pb_blurb_container\"><h4 class=\"et_pb_module_header\">AUTENTYCZNO\u015a\u0106<\/h4><div class=\"et_pb_blurb_description\"><p>Z naszego portalu korzystaj\u0105 tylko i wy\u0142\u0105cznie dziewczyny zweryfikowane, kt\u00f3re chc\u0105 jednego. Ciebie.<\/p>\n<\/div><\/div><\/div><\/div>\r\n<\/div>\r\n\r\n<div class=\"et_pb_column_15 et_pb_column et_pb_column_1_3 et_block_column et_pb_css_mix_blend_mode_passthrough\">\r\n<div class=\"et_pb_blurb_9 et_pb_blurb et_pb_bg_layout_light et_pb_text_align_center et_pb_blurb_position_top et_pb_module et_block_module\"><div class=\"et_pb_blurb_content\"><div class=\"et_pb_main_blurb_image\"><span class=\"et_pb_image_wrap\"><span class=\"et-pb-icon et_animated et_animated\">Z<\/span><\/span><\/div><div class=\"et_pb_blurb_container\"><h4 class=\"et_pb_module_header\">SETKI KOBIET ONLINE<\/h4><div class=\"et_pb_blurb_description\"><p>\u017baden m\u0119\u017cczyzna, kt\u00f3ry skorzysta z naszej strony internetowej nie zostanie sam. Ka\u017cdy znajdzie lask\u0119 kt\u00f3ra go chce.<\/p>\n<\/div><\/div><\/div><\/div>\r\n<\/div>\r\n\r\n<div class=\"et_pb_column_16 et_pb_column et_pb_column_1_3 et-last-child et_block_column et_pb_css_mix_blend_mode_passthrough\">\r\n<div class=\"et_pb_blurb_10 et_pb_blurb et_pb_bg_layout_light et_pb_text_align_center et_pb_blurb_position_top et_pb_module et_block_module\"><div class=\"et_pb_blurb_content\"><div class=\"et_pb_main_blurb_image\"><span class=\"et_pb_image_wrap\"><span class=\"et-pb-icon et_animated et_animated\">w<\/span><\/span><\/div><div class=\"et_pb_blurb_container\"><h4 class=\"et_pb_module_header\">BEZPIECZE\u0143STWO<\/h4><div class=\"et_pb_blurb_description\"><p>Korzystaj\u0105c z naszego portalu mo\u017cesz by\u0107 pewny, \u017ce dbamy o bezpiecze\u0144stwo i twoj\u0105 pe\u0142n\u0105 anonimowo\u015b\u0107.<\/p>\n<\/div><\/div><\/div><\/div>\r\n<\/div>\r\n<\/div>\r\n<\/div>\r\n\r\n<div class=\"et_pb_section_3 et_pb_section et_section_regular et_block_section\">\r\n<div class=\"et_pb_row_8 et_pb_row et-vb-row--no-module et_block_row\">\r\n<div class=\"et_pb_column_17 et_pb_column et_pb_column_4_4 et-last-child et_block_column et_pb_column_empty et_pb_css_mix_blend_mode_passthrough\"><\/div>\r\n<\/div>\r\n<\/div>","protected":false},"excerpt":{"rendered":"","protected":false},"author":1,"featured_media":12,"parent":0,"menu_order":0,"comment_status":"closed","ping_status":"closed","template":"page-template-blank.php","meta":{"footnotes":""},"class_list":["post-8131","page","type-page","status-publish","has-post-thumbnail","hentry"],"_links":{"self":[{"href":"https:\/\/sex-rozmowa.com.pl\/index.php\/wp-json\/wp\/v2\/pages\/8131","targetHints":{"allow":["GET"]}}],"collection":[{"href":"https:\/\/sex-rozmowa.com.pl\/index.php\/wp-json\/wp\/v2\/pages"}],"about":[{"href":"https:\/\/sex-rozmowa.com.pl\/index.php\/wp-json\/wp\/v2\/types\/page"}],"author":[{"embeddable":true,"href":"https:\/\/sex-rozmowa.com.pl\/index.php\/wp-json\/wp\/v2\/users\/1"}],"replies":[{"embeddable":true,"href":"https:\/\/sex-rozmowa.com.pl\/index.php\/wp-json\/wp\/v2\/comments?post=8131"}],"version-history":[{"count":17,"href":"https:\/\/sex-rozmowa.com.pl\/index.php\/wp-json\/wp\/v2\/pages\/8131\/revisions"}],"predecessor-version":[{"id":8163,"href":"https:\/\/sex-rozmowa.com.pl\/index.php\/wp-json\/wp\/v2\/pages\/8131\/revisions\/8163"}],"wp:featuredmedia":[{"embeddable":true,"href":"https:\/\/sex-rozmowa.com.pl\/index.php\/wp-json\/wp\/v2\/media\/12"}],"wp:attachment":[{"href":"https:\/\/sex-rozmowa.com.pl\/index.php\/wp-json\/wp\/v2\/media?parent=8131"}],"curies":[{"name":"wp","href":"https:\/\/api.w.org\/{rel}","templated":true}]}}